{"id":676,"date":"2016-03-17T21:42:49","date_gmt":"2016-03-17T20:42:49","guid":{"rendered":"http:\/\/fahrschule-basner.de\/?page_id=676"},"modified":"2016-03-17T21:42:49","modified_gmt":"2016-03-17T20:42:49","slug":"neustart-bei-uns","status":"publish","type":"page","link":"https:\/\/fahrschule-basner.de\/?page_id=676","title":{"rendered":"Neustart bei uns!"},"content":{"rendered":"<p>Du bist umgezogen, unzufrieden mit Deiner aktuellen Fahrausbildung oder m\u00f6chtest aus anderen Gr\u00fcnden die Fahrschule wechseln? Kein Problem!<\/p>\n<p>Egal an welcher Stelle Deiner Ausbildung Du gerade bist, alle Theorie- und Fahrstunden die Du in den letzten 2 Jahren absolviert hast, z\u00e4hlen. Wir machen einfach da weiter, wo Du aufgeh\u00f6rt hast.<\/p>\n<p>Wir informieren Dich gerne \u00fcber Deine M\u00f6glichkeiten! Du kannst bei uns vorab, jederzeit, an einer unserer Schnupperstunden im theoretischen Unterricht teilnehmen. Die Schnupperstunde ist nat\u00fcrlich kostenlos und unverbindlich.<\/p>\n<p>Der F\u00fchrerschein ist nicht g\u00fcnstig, dann soll Dir die Ausbildung wenigstens Spa\u00df machen und Du sollst Dich wohl f\u00fchlen!<\/p>\n<p>Komm einfach vorbei oder ruf uns an, wir freuen uns auf dich!<\/p>\n","protected":false},"excerpt":{"rendered":"<p>Du bist umgezogen, unzufrieden mit Deiner aktuellen Fahrausbildung oder m\u00f6chtest aus anderen Gr\u00fcnden die Fahrschule wechseln? Kein Problem! Egal an welcher Stelle Deiner Ausbildung Du gerade bist, alle Theorie- und Fahrstunden die Du in den letzten 2 Jahren absolviert hast, &hellip; <a class=\"more-link\" href=\"https:\/\/fahrschule-basner.de\/?page_id=676\">Weiterlesen <span class=\"meta-nav\">&rarr;<\/span><\/a><\/p>\n","protected":false},"author":1,"featured_media":0,"parent":216,"menu_order":0,"comment_status":"closed","ping_status":"closed","template":"","meta":{"footnotes":""},"class_list":["post-676","page","type-page","status-publish","hentry"],"_links":{"self":[{"href":"https:\/\/fahrschule-basner.de\/index.php?rest_route=\/wp\/v2\/pages\/676","targetHints":{"allow":["GET"]}}],"collection":[{"href":"https:\/\/fahrschule-basner.de\/index.php?rest_route=\/wp\/v2\/pages"}],"about":[{"href":"https:\/\/fahrschule-basner.de\/index.php?rest_route=\/wp\/v2\/types\/page"}],"author":[{"embeddable":true,"href":"https:\/\/fahrschule-basner.de\/index.php?rest_route=\/wp\/v2\/users\/1"}],"replies":[{"embeddable":true,"href":"https:\/\/fahrschule-basner.de\/index.php?rest_route=%2Fwp%2Fv2%2Fcomments&post=676"}],"version-history":[{"count":1,"href":"https:\/\/fahrschule-basner.de\/index.php?rest_route=\/wp\/v2\/pages\/676\/revisions"}],"predecessor-version":[{"id":677,"href":"https:\/\/fahrschule-basner.de\/index.php?rest_route=\/wp\/v2\/pages\/676\/revisions\/677"}],"up":[{"embeddable":true,"href":"https:\/\/fahrschule-basner.de\/index.php?rest_route=\/wp\/v2\/pages\/216"}],"wp:attachment":[{"href":"https:\/\/fahrschule-basner.de\/index.php?rest_route=%2Fwp%2Fv2%2Fmedia&parent=676"}],"curies":[{"name":"wp","href":"https:\/\/api.w.org\/{rel}","templated":true}]}}