{"id":177,"date":"2014-05-12T22:57:51","date_gmt":"2014-05-12T22:57:51","guid":{"rendered":"http:\/\/fahrschule.now-sh.de\/?page_id=177"},"modified":"2024-09-17T13:39:24","modified_gmt":"2024-09-17T11:39:24","slug":"fahrlehrer","status":"publish","type":"page","link":"https:\/\/fahrschule-basner.de\/?page_id=177","title":{"rendered":"Fahrlehrer"},"content":{"rendered":"<table style=\"height: 775px;\" width=\"837\">\n<tbody>\n<tr>\n<td width=\"150\">\n<h3 style=\"text-align: center;\">Karl Basner<\/h3>\n<p><a href=\"https:\/\/fahrschule-basner.de\/wp-content\/uploads\/2014\/05\/Chef-e1726573130795.jpg\"><img loading=\"lazy\" decoding=\"async\" class=\"wp-image-268 size-medium aligncenter\" src=\"https:\/\/fahrschule-basner.de\/wp-content\/uploads\/2014\/05\/Chef-e1726573130795-205x300.jpg\" alt=\"\" width=\"205\" height=\"300\" srcset=\"https:\/\/fahrschule-basner.de\/wp-content\/uploads\/2014\/05\/Chef-e1726573130795-205x300.jpg 205w, https:\/\/fahrschule-basner.de\/wp-content\/uploads\/2014\/05\/Chef-e1726573130795.jpg 328w\" sizes=\"auto, (max-width: 205px) 100vw, 205px\" \/><\/a><\/p>\n<\/td>\n<td colspan=\"2\">\n<h3>Gr\u00fcnder der Fahrschule<\/h3>\n<p>1965 hat Herr Basner die Fahrschule von Herrn W\u00f6rdemann aus Barmstedt \u00fcbernommen.<br \/>Sein Leitspruch: &#8218;Ohne Flei\u00df keinen Preis!&#8216; Die Sch\u00fclerzahlen wuchsen stetig, was nicht allein an der Qualit\u00e4t der Ausbildung &#8211; sondern auch an der menschlichen W\u00e4rme lag.<\/p>\n<\/td>\n<\/tr>\n<tr>\n<td colspan=\"2\">\n<h3>Die Zweite Generation<\/h3>\n<p>Als Sohn des Gr\u00fcnders und jetziger Besitzer der Fahrschule Basner, schult er seit 1988 ebenfalls in Quickborn s\u00e4mtliche Zweirad- \/ PKW- und LKW-Klassen. Er ist Moderator f\u00fcr ASF-Kurse. Au\u00dferdem hat Klaus die Meisterschule f\u00fcr das Kraftfahrzeugmechaniker Handwerk in Heide besucht und in Flensburg vor der IHK seine Meisterpr\u00fcfung bestanden. Er wei\u00df daher auf diesem Gebiet, wovon er spricht.<\/p>\n<\/td>\n<td width=\"150\">\n<h3 style=\"text-align: center;\">Klaus Basner<\/h3>\n<p><a href=\"https:\/\/fahrschule-basner.de\/wp-content\/uploads\/2014\/05\/Klaus.jpg\"><img loading=\"lazy\" decoding=\"async\" class=\"wp-image-278 size-medium aligncenter\" src=\"https:\/\/fahrschule-basner.de\/wp-content\/uploads\/2014\/05\/Klaus-e1726573098205-213x300.jpg\" alt=\"\" width=\"213\" height=\"300\" srcset=\"https:\/\/fahrschule-basner.de\/wp-content\/uploads\/2014\/05\/Klaus-e1726573098205-213x300.jpg 213w, https:\/\/fahrschule-basner.de\/wp-content\/uploads\/2014\/05\/Klaus-e1726573098205.jpg 340w\" sizes=\"auto, (max-width: 213px) 100vw, 213px\" \/><\/a><\/p>\n<\/td>\n<\/tr>\n<tr>\n<td>\n<h3 style=\"text-align: center;\">Bernd Patton<\/h3>\n<p><a href=\"https:\/\/fahrschule-basner.de\/wp-content\/uploads\/2014\/05\/Bernd-84KB.jpg\"><img loading=\"lazy\" decoding=\"async\" class=\"wp-image-267 aligncenter\" src=\"https:\/\/fahrschule-basner.de\/wp-content\/uploads\/2014\/05\/Bernd-84KB.jpg\" alt=\"Bernd 84KB\" width=\"174\" height=\"132\" srcset=\"https:\/\/fahrschule-basner.de\/wp-content\/uploads\/2014\/05\/Bernd-84KB.jpg 640w, https:\/\/fahrschule-basner.de\/wp-content\/uploads\/2014\/05\/Bernd-84KB-300x225.jpg 300w\" sizes=\"auto, (max-width: 174px) 100vw, 174px\" \/><\/a><\/p>\n<\/td>\n<td colspan=\"2\">\n<h3>Der Harley Fahrer<\/h3>\n<p>Unser Newcomer wurde 1984 bei der Bundeswehr als Fahrlehrer ausgebildet und auch Bernd schult s\u00e4mtliche Zweirad-\/ PKW- und LKW- Klassen.<br \/>Als begeisterter Freizeitbiker ist gerade die Motorradausbildung sein Steckenpferd.<\/p>\n<\/td>\n<\/tr>\n<tr>\n<td colspan=\"2\">\n<h3>Vom B\u00fcro zur Fahrlehrerin\u00a0<\/h3>\n<p>Heike hat, mit der Raute im Herzen, 10 Jahre unser B\u00fcro geleitet und freut sich nun auch mal die andere Seite des Fahrschul-Alltags zu erleben. Wenn sie nicht in der Fahrschule ist, findet man Heike an der Ostsee, Steine sammeln oder mit den Hunden spazieren gehen. Dabei stellt sich schnell die Frage, wer mit wem geht \ud83d\ude09<\/p>\n<\/td>\n<td width=\"150\">\n<h3 style=\"text-align: center;\">Heike Basner<\/h3>\n<p><a href=\"https:\/\/fahrschule-basner.de\/wp-content\/uploads\/2021\/09\/Heike-2-scaled.jpg\"><img loading=\"lazy\" decoding=\"async\" class=\"wp-image-1587 aligncenter\" style=\"width: 128px; height: 172px;\" src=\"https:\/\/fahrschule-basner.de\/wp-content\/uploads\/2021\/09\/Heike-2-768x1024.jpg\" alt=\"\" width=\"768\" height=\"1024\" \/><\/a><\/p>\n<\/td>\n<\/tr>\n<tr>\n<td>\n<h3 style=\"text-align: center;\">Jonah Basner<\/h3>\n<p><a href=\"https:\/\/fahrschule-basner.de\/wp-content\/uploads\/2014\/05\/Bernd-84KB.jpg\"><img loading=\"lazy\" decoding=\"async\" class=\"alignnone  wp-image-267\" src=\"https:\/\/fahrschule-basner.de\/wp-content\/uploads\/2014\/05\/Bernd-84KB.jpg\" alt=\"Bernd 84KB\" width=\"174\" height=\"132\" srcset=\"https:\/\/fahrschule-basner.de\/wp-content\/uploads\/2014\/05\/Bernd-84KB.jpg 640w, https:\/\/fahrschule-basner.de\/wp-content\/uploads\/2014\/05\/Bernd-84KB-300x225.jpg 300w\" sizes=\"auto, (max-width: 174px) 100vw, 174px\" \/><\/a><\/p>\n<\/td>\n<td colspan=\"2\">\n<h3>Alle guten Dinge sind Drei<\/h3>\n<p>Nun in dritter Generation, vertreten durch Jonah Basner. Von klein an immer mal wieder bei Papa mitgefahren, wei\u00df er worauf es in der Fahrsch\u00fcler Ausbildung ankommt. Jonahs ruhige und gelassene Art, spiegelt sich in seinem Umgang mit den Fahrsch\u00fclern und deren Ausbildung.<\/p>\n<\/td>\n<\/tr>\n<\/tbody>\n<\/table>\n\n\n<p><\/p>\n\n\n\n\n\n<p><\/p>\n\n\n\n<p><\/p>\n\n\n\n<figure class=\"wp-block-gallery has-nested-images columns-default is-cropped wp-block-gallery-1 is-layout-flex wp-block-gallery-is-layout-flex\"><\/figure>\n","protected":false},"excerpt":{"rendered":"<p>Karl Basner Gr\u00fcnder der Fahrschule 1965 hat Herr Basner die Fahrschule von Herrn W\u00f6rdemann aus Barmstedt \u00fcbernommen.Sein Leitspruch: &#8218;Ohne Flei\u00df keinen Preis!&#8216; Die Sch\u00fclerzahlen wuchsen stetig, was nicht allein an der Qualit\u00e4t der Ausbildung &#8211; sondern auch an der menschlichen &hellip; <a class=\"more-link\" href=\"https:\/\/fahrschule-basner.de\/?page_id=177\">Weiterlesen <span class=\"meta-nav\">&rarr;<\/span><\/a><\/p>\n","protected":false},"author":1,"featured_media":0,"parent":0,"menu_order":0,"comment_status":"closed","ping_status":"closed","template":"","meta":{"footnotes":""},"class_list":["post-177","page","type-page","status-publish","hentry"],"_links":{"self":[{"href":"https:\/\/fahrschule-basner.de\/index.php?rest_route=\/wp\/v2\/pages\/177","targetHints":{"allow":["GET"]}}],"collection":[{"href":"https:\/\/fahrschule-basner.de\/index.php?rest_route=\/wp\/v2\/pages"}],"about":[{"href":"https:\/\/fahrschule-basner.de\/index.php?rest_route=\/wp\/v2\/types\/page"}],"author":[{"embeddable":true,"href":"https:\/\/fahrschule-basner.de\/index.php?rest_route=\/wp\/v2\/users\/1"}],"replies":[{"embeddable":true,"href":"https:\/\/fahrschule-basner.de\/index.php?rest_route=%2Fwp%2Fv2%2Fcomments&post=177"}],"version-history":[{"count":13,"href":"https:\/\/fahrschule-basner.de\/index.php?rest_route=\/wp\/v2\/pages\/177\/revisions"}],"predecessor-version":[{"id":2625,"href":"https:\/\/fahrschule-basner.de\/index.php?rest_route=\/wp\/v2\/pages\/177\/revisions\/2625"}],"wp:attachment":[{"href":"https:\/\/fahrschule-basner.de\/index.php?rest_route=%2Fwp%2Fv2%2Fmedia&parent=177"}],"curies":[{"name":"wp","href":"https:\/\/api.w.org\/{rel}","templated":true}]}}