{"id":1594,"date":"2021-09-07T21:41:59","date_gmt":"2021-09-07T19:41:59","guid":{"rendered":"https:\/\/fahrschule-basner.de\/?page_id=1594"},"modified":"2021-09-08T12:21:28","modified_gmt":"2021-09-08T10:21:28","slug":"karriere","status":"publish","type":"page","link":"https:\/\/fahrschule-basner.de\/?page_id=1594","title":{"rendered":"Karriere"},"content":{"rendered":"\n<h2 class=\"wp-block-heading\"><strong>Fahrlehrer <meta charset=\"utf-8\"><strong>(m.\/w.\/d.)<\/strong>&nbsp;<\/strong><\/h2>\n\n\n\n<p>Du bist Fahrlehrer (m.\/w.\/d.) und hast Deinen Job zum Beruf gemacht? Dann ben\u00f6tigen wir genau Dich! Wir bieten Dir eine Arbeitsstelle, mit super netten Kollegen, erstmal auf 450,-\u20ac Basis. So hast du die M\u00f6glichkeit bei uns rein zu schnuppern und uns kennen zu lernen. Einer sp\u00e4teren Festeinstellung steht nichts im Wege. Melde Dich einfach und wir setzen uns zusammen und besprechen alles n\u00f6tige.<\/p>\n\n\n\n<h2 class=\"wp-block-heading\"><strong>Ausbildung zum Fahrlehrer (m.\/w.\/d.)<\/strong><\/h2>\n\n\n\n<p>Du m\u00f6chtest sehr viel Geld verdienen und so gut wie nicht arbeiten daf\u00fcr?<br>Dann brauchst Du nicht weiterlesen.<\/p>\n\n\n\n<p>Du m\u00f6chtest mit vorwiegend jungen Menschen arbeiten, hast Nerven aus Stahl und m\u00f6chtest selbst Deine Arbeitszeit einteilen?<\/p>\n\n\n\n<p>Dann komm zu uns und werde Fahrlehrer \ud83d\ude09 <\/p>\n\n\n\n<p>Wir begleiten und helfen Dir, in der ersten Ausbildungszeit (Theorie im Ausbildungszentrum). <\/p>\n\n\n\n<p>Im Praktikum, in unser Fahrschule (2. Ausbildungsphase), werden wir mit Dir arbeiten und Dich unterst\u00fctzen.\u00a0<\/p>\n\n\n\n<p>Melde Dich und wir informieren Dich \u00fcber einen tollen Beruf!<\/p>\n","protected":false},"excerpt":{"rendered":"<p>Fahrlehrer (m.\/w.\/d.)&nbsp; Du bist Fahrlehrer (m.\/w.\/d.) und hast Deinen Job zum Beruf gemacht? Dann ben\u00f6tigen wir genau Dich! Wir bieten Dir eine Arbeitsstelle, mit super netten Kollegen, erstmal auf 450,-\u20ac Basis. So hast du die M\u00f6glichkeit bei uns rein zu &hellip; <a class=\"more-link\" href=\"https:\/\/fahrschule-basner.de\/?page_id=1594\">Weiterlesen <span class=\"meta-nav\">&rarr;<\/span><\/a><\/p>\n","protected":false},"author":1,"featured_media":0,"parent":0,"menu_order":0,"comment_status":"closed","ping_status":"closed","template":"","meta":{"footnotes":""},"class_list":["post-1594","page","type-page","status-publish","hentry"],"_links":{"self":[{"href":"https:\/\/fahrschule-basner.de\/index.php?rest_route=\/wp\/v2\/pages\/1594","targetHints":{"allow":["GET"]}}],"collection":[{"href":"https:\/\/fahrschule-basner.de\/index.php?rest_route=\/wp\/v2\/pages"}],"about":[{"href":"https:\/\/fahrschule-basner.de\/index.php?rest_route=\/wp\/v2\/types\/page"}],"author":[{"embeddable":true,"href":"https:\/\/fahrschule-basner.de\/index.php?rest_route=\/wp\/v2\/users\/1"}],"replies":[{"embeddable":true,"href":"https:\/\/fahrschule-basner.de\/index.php?rest_route=%2Fwp%2Fv2%2Fcomments&post=1594"}],"version-history":[{"count":2,"href":"https:\/\/fahrschule-basner.de\/index.php?rest_route=\/wp\/v2\/pages\/1594\/revisions"}],"predecessor-version":[{"id":1598,"href":"https:\/\/fahrschule-basner.de\/index.php?rest_route=\/wp\/v2\/pages\/1594\/revisions\/1598"}],"wp:attachment":[{"href":"https:\/\/fahrschule-basner.de\/index.php?rest_route=%2Fwp%2Fv2%2Fmedia&parent=1594"}],"curies":[{"name":"wp","href":"https:\/\/api.w.org\/{rel}","templated":true}]}}